{"id":24,"date":"2025-11-12T13:23:03","date_gmt":"2025-11-12T13:23:03","guid":{"rendered":"https:\/\/nid-insolite.com\/?page_id=24"},"modified":"2025-12-10T15:04:32","modified_gmt":"2025-12-10T14:04:32","slug":"charte","status":"publish","type":"page","link":"https:\/\/nid-insolite.com\/en\/charte\/","title":{"rendered":"Charter"},"content":{"rendered":"<div class=\"wp-block-group alignfull has-black-color has-text-color has-background has-link-color has-small-font-size wp-elements-ea51383248b2b57e8ea2d379ec52c9b4\" style=\"background:linear-gradient(135deg,rgba(218,250,167,0.91) 0%,rgb(113,206,126) 100%);padding-top:6vw;padding-right:6vw;padding-bottom:6vw;padding-left:6vw\"><div class=\"wp-block-group__inner-container is-layout-flow wp-block-group-is-layout-flow\">\n<p class=\"has-black-color has-text-color has-link-color popmake-554 wp-elements-415c1637af5cedc36962e2a7eedc54a3\" style=\"font-size:21px;font-style:normal;font-weight:300\">Nid Insolite is a platform dedicated to unique accommodation in the Provence-Alpes-C\u00f4te d'Azur region: tree houses, bubbles, tiny houses and unusual chalets. Our mission is to offer you unique experiences, in harmony with nature and modern comfort.<\/p>\n\n\n\n<figure class=\"wp-block-pullquote has-medium-font-size\" style=\"border-width:25px;border-top-left-radius:26px;border-top-right-radius:26px;border-bottom-left-radius:26px;border-bottom-right-radius:26px\"><blockquote><p><strong>\u2018Nid-insolite: Sleep differently, dream bigger\u2019<\/strong><\/p><cite>The nid-insolite team<\/cite><\/blockquote><\/figure>\n\n\n\n<div class=\"wp-block-group is-vertical is-nowrap is-layout-flex wp-container-core-group-is-layout-287ef9cb wp-block-group-is-layout-flex\" style=\"padding-right:0;padding-left:0\">\n<p class=\"has-black-color has-text-color has-link-color wp-elements-04f191b6f17b4b487fc6da2b43c21f84\" style=\"font-size:18px\"><\/p>\n\n\n\n<p><\/p>\n<\/div>\n\n\n<h1 style=\"background:linear-gradient(135deg,rgba(218,250,167,0.91) 0%,rgb(113,206,126) 100%);\" class=\"wp-block-site-title has-background\"><a href=\"https:\/\/nid-insolite.com\/en\" target=\"_self\" rel=\"home\">nid-insolite.com<\/a><\/h1><\/div><\/div>\n\n\n\n<div style=\"height:100px\" aria-hidden=\"true\" class=\"wp-block-spacer\"><\/div>\n\n\n\n<div class=\"wp-block-media-text is-stacked-on-mobile is-vertically-aligned-top\" style=\"grid-template-columns:35% auto\"><figure class=\"wp-block-media-text__media\"><a href=\"https:\/\/fr.hotels.com\/Hotel-Search?selected=7082699&amp;locale=fr_FR&amp;HotelID=7082699&amp;siteid=300000010&amp;semcid=HCOM-FR.UB.BING.PT-c-FR.HOTEL&amp;semdtl=a1428546147.b11334808622793156.g1kwd-83426488459718.e1c.m16b5ed8a22b4911ebd7d5b18cc342512f.r1632333c93f0eda5f2964858ac74d96907e702ad3085d41e7bb1998715acd4b8f.c1vfoHrergEgVbqkGxIIhMoQ.j1125787.k193.d183425764807911.h1e.i1.l1.n1.o1.p1.q1.s1.t1.x1.f1.u1.v1.w1&amp;msclkid=6b5ed8a22b4911ebd7d5b18cc342512f&amp;regionId=6194917&amp;sort=RECOMMENDED&amp;startDate=2025-12-16&amp;endDate=2025-12-17&amp;destination=Hotel%20Dolomiten&amp;theme=&amp;userIntent=&amp;categorySearch=&amp;useRewards=false&amp;adults=2&amp;children=&amp;latLong&amp;pwaDialog&amp;daysInFuture&amp;stayLength\"><img loading=\"lazy\" decoding=\"async\" width=\"683\" height=\"1024\" src=\"https:\/\/nid-insolite.com\/wp-content\/uploads\/2025\/11\/IMG_4241-683x1024.jpeg\" alt=\"\" class=\"wp-image-42 size-full\" srcset=\"https:\/\/nid-insolite.com\/wp-content\/uploads\/2025\/11\/IMG_4241-683x1024.jpeg 683w, https:\/\/nid-insolite.com\/wp-content\/uploads\/2025\/11\/IMG_4241-200x300.jpeg 200w, https:\/\/nid-insolite.com\/wp-content\/uploads\/2025\/11\/IMG_4241-768x1152.jpeg 768w, https:\/\/nid-insolite.com\/wp-content\/uploads\/2025\/11\/IMG_4241-1024x1536.jpeg 1024w, https:\/\/nid-insolite.com\/wp-content\/uploads\/2025\/11\/IMG_4241-1365x2048.jpeg 1365w, https:\/\/nid-insolite.com\/wp-content\/uploads\/2025\/11\/IMG_4241-scaled.jpeg 1707w\" sizes=\"auto, (max-width: 683px) 100vw, 683px\" \/><\/a><\/figure><div class=\"wp-block-media-text__content\">\n<div style=\"height:100px\" aria-hidden=\"true\" class=\"wp-block-spacer\"><\/div>\n\n\n\n<p class=\"has-black-color has-text-color has-link-color wp-elements-bc19bb344314efd8181fc0a42e4306b7\" style=\"text-decoration:underline;text-transform:uppercase\">1. Authenticity and nature<\/p>\n\n\n\n<p class=\"has-text-align-left has-black-color has-text-color has-link-color wp-elements-cae6355f7e0c0a06bad67c7e6ac649f9\" style=\"font-style:normal;font-weight:500\">At Nid Insolite, we believe that true luxury lies in simplicity and connection with nature. Each accommodation is designed to offer total immersion in the landscapes of the Provence-Alpes-C\u00f4te d'Azur region: forests, mountains, lavender fields, and lakeshores. We value natural materials and experiences that allow you to recharge your batteries far from the hustle and bustle of everyday life.<\/p>\n\n\n\n<hr class=\"wp-block-separator has-alpha-channel-opacity is-style-wide\"\/>\n<\/div><\/div>\n\n\n\n<div style=\"height:100px\" aria-hidden=\"true\" class=\"wp-block-spacer\"><\/div>\n\n\n\n<div class=\"wp-block-media-text is-stacked-on-mobile is-vertically-aligned-top\" style=\"grid-template-columns:48% auto\"><figure class=\"wp-block-media-text__media\"><a href=\"https:\/\/www.rivistadonna.com\/wp\/2016\/04\/05\/alla-scoperta-dei-mulini-a-vento-i-5-piu-belli-d-europa\/\"><img loading=\"lazy\" decoding=\"async\" width=\"1024\" height=\"683\" src=\"https:\/\/nid-insolite.com\/wp-content\/uploads\/2025\/11\/IMG_4242-1024x683.jpeg\" alt=\"\" class=\"wp-image-43 size-full\" srcset=\"https:\/\/nid-insolite.com\/wp-content\/uploads\/2025\/11\/IMG_4242-1024x683.jpeg 1024w, https:\/\/nid-insolite.com\/wp-content\/uploads\/2025\/11\/IMG_4242-300x200.jpeg 300w, https:\/\/nid-insolite.com\/wp-content\/uploads\/2025\/11\/IMG_4242-768x512.jpeg 768w, https:\/\/nid-insolite.com\/wp-content\/uploads\/2025\/11\/IMG_4242-1536x1024.jpeg 1536w, https:\/\/nid-insolite.com\/wp-content\/uploads\/2025\/11\/IMG_4242-2048x1365.jpeg 2048w\" sizes=\"auto, (max-width: 1024px) 100vw, 1024px\" \/><\/a><\/figure><div class=\"wp-block-media-text__content\">\n<p><\/p>\n\n\n\n<p class=\"has-black-color has-text-color has-link-color wp-elements-052775235ba727eec0d32c4b4f5c7c19\" style=\"text-decoration:underline;text-transform:uppercase\">2. Environmental responsibility<\/p>\n\n\n\n<p class=\"has-black-color has-text-color has-link-color wp-elements-6f024969d9146f4510665048dbffd64a\" style=\"font-style:normal;font-weight:400\">Respect for the environment is at the heart of our approach. We work with partners and accommodation providers who are committed to sustainability: using renewable energy, reducing waste, and preserving local biodiversity. Our goal is to combine pleasure, comfort, and environmental awareness for meaningful stays.<\/p>\n\n\n\n<hr class=\"wp-block-separator has-alpha-channel-opacity is-style-wide\"\/>\n<\/div><\/div>\n\n\n\n<div style=\"height:100px\" aria-hidden=\"true\" class=\"wp-block-spacer\"><\/div>\n\n\n\n<div class=\"wp-block-media-text is-stacked-on-mobile is-vertically-aligned-top\" style=\"grid-template-columns:44% auto\"><figure class=\"wp-block-media-text__media\"><a href=\"https:\/\/gardaescursioni.com\/\"><img loading=\"lazy\" decoding=\"async\" width=\"1024\" height=\"683\" src=\"https:\/\/nid-insolite.com\/wp-content\/uploads\/2025\/11\/IMG_4243-1024x683.jpeg\" alt=\"\" class=\"wp-image-45 size-full\" srcset=\"https:\/\/nid-insolite.com\/wp-content\/uploads\/2025\/11\/IMG_4243-1024x683.jpeg 1024w, https:\/\/nid-insolite.com\/wp-content\/uploads\/2025\/11\/IMG_4243-300x200.jpeg 300w, https:\/\/nid-insolite.com\/wp-content\/uploads\/2025\/11\/IMG_4243-768x512.jpeg 768w, https:\/\/nid-insolite.com\/wp-content\/uploads\/2025\/11\/IMG_4243-1536x1025.jpeg 1536w, https:\/\/nid-insolite.com\/wp-content\/uploads\/2025\/11\/IMG_4243-2048x1366.jpeg 2048w\" sizes=\"auto, (max-width: 1024px) 100vw, 1024px\" \/><\/a><\/figure><div class=\"wp-block-media-text__content\">\n<p><\/p>\n\n\n\n<p class=\"has-black-color has-text-color has-link-color wp-elements-e5bb163b48cd9cc1b425a75ca108d211\" style=\"text-decoration:underline;text-transform:uppercase\">3. Experience and well-being<\/p>\n\n\n\n<p class=\"has-black-color has-text-color has-link-color wp-elements-6f75120a950f487d0112243be746fe16\" style=\"font-style:normal;font-weight:500\">A holiday at <strong>Nid Insolite<\/strong>It is above all an experience to be enjoyed and shared. We offer accommodations that spark curiosity and encourage reconnection with oneself and others. Whether under the stars, in a treehouse, or by a lake, each night becomes a moment of escape and serenity.<\/p>\n\n\n\n<hr class=\"wp-block-separator has-alpha-channel-opacity is-style-wide\"\/>\n<\/div><\/div>\n\n\n\n<p><\/p>","protected":false},"excerpt":{"rendered":"<p>Nid Insolite est une plateforme d\u00e9di\u00e9e aux h\u00e9bergements originaux de la r\u00e9gion PACA : cabanes perch\u00e9es, bulles, tiny houses ou chalets atypiques. Notre mission est de vous offrir des exp\u00e9riences [&hellip;]<\/p>","protected":false},"author":1,"featured_media":0,"parent":0,"menu_order":0,"comment_status":"closed","ping_status":"closed","template":"","meta":{"footnotes":""},"class_list":["post-24","page","type-page","status-publish","hentry","entry"],"yoast_head":"<!-- This site is optimized with the Yoast SEO plugin v26.7 - https:\/\/yoast.com\/wordpress\/plugins\/seo\/ -->\n<title>Charte - nid-insolite.com<\/title>\n<meta name=\"description\" content=\"Des h\u00e9bergements inoubliables au c\u0153ur de la nature de la r\u00e9gion PACA vous attendent. Une immersion inoubliable. Un nid insolite.\" \/>\n<meta name=\"robots\" content=\"index, follow, max-snippet:-1, max-image-preview:large, max-video-preview:-1\" \/>\n<link rel=\"canonical\" href=\"https:\/\/nid-insolite.com\/en\/charte\/\" \/>\n<meta property=\"og:locale\" content=\"en_GB\" \/>\n<meta property=\"og:type\" content=\"article\" \/>\n<meta property=\"og:title\" content=\"Charte - nid-insolite.com\" \/>\n<meta property=\"og:description\" content=\"Des h\u00e9bergements inoubliables au c\u0153ur de la nature de la r\u00e9gion PACA vous attendent. Une immersion inoubliable. Un nid insolite.\" \/>\n<meta property=\"og:url\" content=\"https:\/\/nid-insolite.com\/en\/charte\/\" \/>\n<meta property=\"og:site_name\" content=\"nid-insolite.com\" \/>\n<meta property=\"article:modified_time\" content=\"2025-12-10T14:04:32+00:00\" \/>\n<meta property=\"og:image\" content=\"https:\/\/nid-insolite.com\/wp-content\/uploads\/2025\/11\/IMG_4241-scaled.jpeg\" \/>\n\t<meta property=\"og:image:width\" content=\"1707\" \/>\n\t<meta property=\"og:image:height\" content=\"2560\" \/>\n\t<meta property=\"og:image:type\" content=\"image\/jpeg\" \/>\n<meta name=\"twitter:card\" content=\"summary_large_image\" \/>\n<meta name=\"twitter:label1\" content=\"Estimated reading time\" \/>\n\t<meta name=\"twitter:data1\" content=\"2 minutes\" \/>\n<script type=\"application\/ld+json\" class=\"yoast-schema-graph\">{\"@context\":\"https:\/\/schema.org\",\"@graph\":[{\"@type\":\"WebPage\",\"@id\":\"https:\/\/nid-insolite.com\/charte\/\",\"url\":\"https:\/\/nid-insolite.com\/charte\/\",\"name\":\"Charte - nid-insolite.com\",\"isPartOf\":{\"@id\":\"https:\/\/nid-insolite.com\/#website\"},\"primaryImageOfPage\":{\"@id\":\"https:\/\/nid-insolite.com\/charte\/#primaryimage\"},\"image\":{\"@id\":\"https:\/\/nid-insolite.com\/charte\/#primaryimage\"},\"thumbnailUrl\":\"https:\/\/nid-insolite.com\/wp-content\/uploads\/2025\/11\/IMG_4241-683x1024.jpeg\",\"datePublished\":\"2025-11-12T13:23:03+00:00\",\"dateModified\":\"2025-12-10T14:04:32+00:00\",\"description\":\"Des h\u00e9bergements inoubliables au c\u0153ur de la nature de la r\u00e9gion PACA vous attendent. Une immersion inoubliable. Un nid insolite.\",\"breadcrumb\":{\"@id\":\"https:\/\/nid-insolite.com\/charte\/#breadcrumb\"},\"inLanguage\":\"en-GB\",\"potentialAction\":[{\"@type\":\"ReadAction\",\"target\":[\"https:\/\/nid-insolite.com\/charte\/\"]}]},{\"@type\":\"ImageObject\",\"inLanguage\":\"en-GB\",\"@id\":\"https:\/\/nid-insolite.com\/charte\/#primaryimage\",\"url\":\"https:\/\/nid-insolite.com\/wp-content\/uploads\/2025\/11\/IMG_4241-683x1024.jpeg\",\"contentUrl\":\"https:\/\/nid-insolite.com\/wp-content\/uploads\/2025\/11\/IMG_4241-683x1024.jpeg\"},{\"@type\":\"BreadcrumbList\",\"@id\":\"https:\/\/nid-insolite.com\/charte\/#breadcrumb\",\"itemListElement\":[{\"@type\":\"ListItem\",\"position\":1,\"name\":\"Accueil\",\"item\":\"https:\/\/nid-insolite.com\/\"},{\"@type\":\"ListItem\",\"position\":2,\"name\":\"Charte\"}]},{\"@type\":\"WebSite\",\"@id\":\"https:\/\/nid-insolite.com\/#website\",\"url\":\"https:\/\/nid-insolite.com\/\",\"name\":\"nid-insolite.com\",\"description\":\"\u00c9vadez-vous, l\u2019insolite vous attend\",\"publisher\":{\"@id\":\"https:\/\/nid-insolite.com\/#organization\"},\"potentialAction\":[{\"@type\":\"SearchAction\",\"target\":{\"@type\":\"EntryPoint\",\"urlTemplate\":\"https:\/\/nid-insolite.com\/?s={search_term_string}\"},\"query-input\":{\"@type\":\"PropertyValueSpecification\",\"valueRequired\":true,\"valueName\":\"search_term_string\"}}],\"inLanguage\":\"en-GB\"},{\"@type\":\"Organization\",\"@id\":\"https:\/\/nid-insolite.com\/#organization\",\"name\":\"nid-insolite.com\",\"url\":\"https:\/\/nid-insolite.com\/\",\"logo\":{\"@type\":\"ImageObject\",\"inLanguage\":\"en-GB\",\"@id\":\"https:\/\/nid-insolite.com\/#\/schema\/logo\/image\/\",\"url\":\"https:\/\/nid-insolite.com\/wp-content\/uploads\/2025\/11\/cropped-Nid-Insolite-3.png\",\"contentUrl\":\"https:\/\/nid-insolite.com\/wp-content\/uploads\/2025\/11\/cropped-Nid-Insolite-3.png\",\"width\":302,\"height\":272,\"caption\":\"nid-insolite.com\"},\"image\":{\"@id\":\"https:\/\/nid-insolite.com\/#\/schema\/logo\/image\/\"}}]}<\/script>\n<!-- \/ Yoast SEO plugin. -->","yoast_head_json":{"title":"Charte - nid-insolite.com","description":"Des h\u00e9bergements inoubliables au c\u0153ur de la nature de la r\u00e9gion PACA vous attendent. Une immersion inoubliable. Un nid insolite.","robots":{"index":"index","follow":"follow","max-snippet":"max-snippet:-1","max-image-preview":"max-image-preview:large","max-video-preview":"max-video-preview:-1"},"canonical":"https:\/\/nid-insolite.com\/en\/charte\/","og_locale":"en_GB","og_type":"article","og_title":"Charte - nid-insolite.com","og_description":"Des h\u00e9bergements inoubliables au c\u0153ur de la nature de la r\u00e9gion PACA vous attendent. Une immersion inoubliable. Un nid insolite.","og_url":"https:\/\/nid-insolite.com\/en\/charte\/","og_site_name":"nid-insolite.com","article_modified_time":"2025-12-10T14:04:32+00:00","og_image":[{"width":1707,"height":2560,"url":"https:\/\/nid-insolite.com\/wp-content\/uploads\/2025\/11\/IMG_4241-scaled.jpeg","type":"image\/jpeg"}],"twitter_card":"summary_large_image","twitter_misc":{"Estimated reading time":"2 minutes"},"schema":{"@context":"https:\/\/schema.org","@graph":[{"@type":"WebPage","@id":"https:\/\/nid-insolite.com\/charte\/","url":"https:\/\/nid-insolite.com\/charte\/","name":"Charte - nid-insolite.com","isPartOf":{"@id":"https:\/\/nid-insolite.com\/#website"},"primaryImageOfPage":{"@id":"https:\/\/nid-insolite.com\/charte\/#primaryimage"},"image":{"@id":"https:\/\/nid-insolite.com\/charte\/#primaryimage"},"thumbnailUrl":"https:\/\/nid-insolite.com\/wp-content\/uploads\/2025\/11\/IMG_4241-683x1024.jpeg","datePublished":"2025-11-12T13:23:03+00:00","dateModified":"2025-12-10T14:04:32+00:00","description":"Des h\u00e9bergements inoubliables au c\u0153ur de la nature de la r\u00e9gion PACA vous attendent. Une immersion inoubliable. Un nid insolite.","breadcrumb":{"@id":"https:\/\/nid-insolite.com\/charte\/#breadcrumb"},"inLanguage":"en-GB","potentialAction":[{"@type":"ReadAction","target":["https:\/\/nid-insolite.com\/charte\/"]}]},{"@type":"ImageObject","inLanguage":"en-GB","@id":"https:\/\/nid-insolite.com\/charte\/#primaryimage","url":"https:\/\/nid-insolite.com\/wp-content\/uploads\/2025\/11\/IMG_4241-683x1024.jpeg","contentUrl":"https:\/\/nid-insolite.com\/wp-content\/uploads\/2025\/11\/IMG_4241-683x1024.jpeg"},{"@type":"BreadcrumbList","@id":"https:\/\/nid-insolite.com\/charte\/#breadcrumb","itemListElement":[{"@type":"ListItem","position":1,"name":"Accueil","item":"https:\/\/nid-insolite.com\/"},{"@type":"ListItem","position":2,"name":"Charte"}]},{"@type":"WebSite","@id":"https:\/\/nid-insolite.com\/#website","url":"https:\/\/nid-insolite.com\/","name":"nid-insolite.com","description":"\u00c9vadez-vous, l\u2019insolite vous attend","publisher":{"@id":"https:\/\/nid-insolite.com\/#organization"},"potentialAction":[{"@type":"SearchAction","target":{"@type":"EntryPoint","urlTemplate":"https:\/\/nid-insolite.com\/?s={search_term_string}"},"query-input":{"@type":"PropertyValueSpecification","valueRequired":true,"valueName":"search_term_string"}}],"inLanguage":"en-GB"},{"@type":"Organization","@id":"https:\/\/nid-insolite.com\/#organization","name":"nid-insolite.com","url":"https:\/\/nid-insolite.com\/","logo":{"@type":"ImageObject","inLanguage":"en-GB","@id":"https:\/\/nid-insolite.com\/#\/schema\/logo\/image\/","url":"https:\/\/nid-insolite.com\/wp-content\/uploads\/2025\/11\/cropped-Nid-Insolite-3.png","contentUrl":"https:\/\/nid-insolite.com\/wp-content\/uploads\/2025\/11\/cropped-Nid-Insolite-3.png","width":302,"height":272,"caption":"nid-insolite.com"},"image":{"@id":"https:\/\/nid-insolite.com\/#\/schema\/logo\/image\/"}}]}},"_hostinger_reach_plugin_has_subscription_block":false,"_hostinger_reach_plugin_is_elementor":false,"_links":{"self":[{"href":"https:\/\/nid-insolite.com\/en\/wp-json\/wp\/v2\/pages\/24","targetHints":{"allow":["GET"]}}],"collection":[{"href":"https:\/\/nid-insolite.com\/en\/wp-json\/wp\/v2\/pages"}],"about":[{"href":"https:\/\/nid-insolite.com\/en\/wp-json\/wp\/v2\/types\/page"}],"author":[{"embeddable":true,"href":"https:\/\/nid-insolite.com\/en\/wp-json\/wp\/v2\/users\/1"}],"replies":[{"embeddable":true,"href":"https:\/\/nid-insolite.com\/en\/wp-json\/wp\/v2\/comments?post=24"}],"version-history":[{"count":40,"href":"https:\/\/nid-insolite.com\/en\/wp-json\/wp\/v2\/pages\/24\/revisions"}],"predecessor-version":[{"id":665,"href":"https:\/\/nid-insolite.com\/en\/wp-json\/wp\/v2\/pages\/24\/revisions\/665"}],"wp:attachment":[{"href":"https:\/\/nid-insolite.com\/en\/wp-json\/wp\/v2\/media?parent=24"}],"curies":[{"name":"wp","href":"https:\/\/api.w.org\/{rel}","templated":true}]}}