{"id":3,"date":"2025-10-15T13:15:34","date_gmt":"2025-10-15T13:15:34","guid":{"rendered":"http:\/\/nid-insolite.com\/?page_id=3"},"modified":"2025-12-10T14:55:55","modified_gmt":"2025-12-10T13:55:55","slug":"politique-de-confidentialite","status":"publish","type":"page","link":"https:\/\/nid-insolite.com\/en\/politique-de-confidentialite\/","title":{"rendered":"Privacy Policy"},"content":{"rendered":"<h2 class=\"wp-block-heading\" style=\"text-decoration:underline\">Who are we?<\/h2>\n\n\n\n<p class=\"has-black-color has-text-color has-link-color wp-elements-a934c4f5c73fce7c7e4061ddcfb3a33e\" style=\"font-style:normal;font-weight:300;text-decoration:none\">Our website address is: http:\/\/nid-insolite.com.<\/p>\n\n\n\n<h2 class=\"wp-block-heading\" style=\"text-decoration:underline\">Commentaires :<\/h2>\n\n\n\n<p class=\"has-black-color has-text-color has-link-color wp-elements-f8bf76f448cc9c224c5e51bc1eb0e20c\" style=\"font-style:normal;font-weight:300;text-decoration:none\">When visitors leave comments on the site, we collect the data shown in the comments form, as well as the visitor's IP address and browser user agent string to help detect spam.<\/p>\n\n\n\n<p class=\"has-black-color has-text-color has-link-color wp-elements-1221e6fda2a0d53f287f500e68138807\" style=\"font-style:normal;font-weight:300\">An anonymized string created from your email address (also called a hash) may be provided to the Gravatar service to see if you are using it. The Gravatar service privacy policy is available here: https:\/\/automattic.com\/privacy\/. Once your comment is approved, your profile picture will be visible to the public in the context of your comment.<\/p>\n\n\n\n<h2 class=\"wp-block-heading\" style=\"text-decoration:underline\">M\u00e9dias :<\/h2>\n\n\n\n<p class=\"has-black-color has-text-color has-link-color wp-elements-e863d9cd356d340cf18fc444c5edee3f\" style=\"font-style:normal;font-weight:300\">If you upload images to the website, avoid uploading images with embedded location data (EXIF GPS). Visitors can download and extract any location data from images on the website.<\/p>\n\n\n\n<h2 class=\"wp-block-heading\" style=\"text-decoration:underline\">Cookies :<\/h2>\n\n\n\n<p class=\"has-black-color has-text-color has-link-color wp-elements-acfcafc0c81e4d548fd9762ec98e4c9d\" style=\"font-style:normal;font-weight:300\">If you leave a comment on our site, you can choose to save your name, email address, and website in cookies. These are intended to make things easier for you. That way, you don't have to fill in your details again when you leave another comment. These cookies have a lifespan of one year.<\/p>\n\n\n\n<p class=\"has-black-color has-text-color has-link-color wp-elements-7f9f7288f6df2f8ad66ec5b891c545b7\" style=\"font-style:normal;font-weight:300\">If you visit our login page, we will set a temporary cookie to determine whether your browser accepts cookies. This cookie contains no personal data and is deleted when you close your browser.<\/p>\n\n\n\n<p class=\"has-black-color has-text-color has-link-color wp-elements-de20be3074a1655e7ee77402a58d6286\" style=\"font-style:normal;font-weight:300\">When you log in, we also install several cookies to save your login information and display preferences. Login cookies have a lifespan of two days. Cookies relating to display options have a lifespan of one year. If you select \u201cRemember me,\u201d your login will be retained for two weeks. If you log out of your account, the login cookies will be deleted.<\/p>\n\n\n\n<p class=\"has-black-color has-text-color has-link-color wp-elements-fd51a3488dfd845ed3a66a2c8dd1333b\" style=\"font-style:normal;font-weight:300\">When you edit or publish an article, an additional cookie will be stored in your browser. This cookie does not contain any personal data and simply indicates the ID of the article you have just edited. It expires after 1 day.<\/p>\n\n\n\n<h2 class=\"wp-block-heading\" style=\"text-decoration:underline\">Contenu int\u00e9gr\u00e9 provenant d&rsquo;autres sites web :<\/h2>\n\n\n\n<p class=\"has-black-color has-text-color has-link-color wp-elements-6c6ec5d3d161fd7c3f62d680e3fa07c4\" style=\"font-style:normal;font-weight:300\">Articles published on this site may include embedded content (e.g., videos, images, articles, etc.). Embedded content from other websites behaves in exactly the same way as if the visitor had visited the other website.<\/p>\n\n\n\n<p class=\"has-black-color has-text-color has-link-color wp-elements-bbfe1a0314a8be2acb72b26f6070311f\" style=\"font-style:normal;font-weight:300\">These websites may collect data about you, use cookies, embed additional third-party tracking tools, and monitor your interaction with that embedded content, including tracking your interaction with the embedded content if you have an account and are logged in to that website.<\/p>\n\n\n\n<h2 class=\"wp-block-heading\" style=\"text-decoration:underline\">Who do we share your data with?<\/h2>\n\n\n\n<p class=\"has-black-color has-text-color has-link-color wp-elements-875b903d87f6e653cce441bb5b6f9690\" style=\"font-style:normal;font-weight:300\">If you request a password reset, you will find your IP address in the reset email.<\/p>\n\n\n\n<h2 class=\"wp-block-heading\" style=\"text-decoration:underline\">How long do we keep your data?<\/h2>\n\n\n\n<p class=\"has-black-color has-text-color has-link-color wp-elements-497d598d54bb72c98ea9eba2cd98e6aa\" style=\"font-style:normal;font-weight:300\">If you leave a comment, the comment and its metadata are retained indefinitely. This allows us to recognize and approve any follow-up comments automatically, rather than holding them in a moderation queue.<\/p>\n\n\n\n<p class=\"has-black-color has-text-color has-link-color wp-elements-fba345055c1ea0893e35530e9d11b930\" style=\"font-style:normal;font-weight:300\">For users who register on our website, we also store personal information in their user profile. All users can view, edit, or delete their personal information at any time (except for their username). Website administrators can also view and edit this information.<\/p>\n\n\n\n<h2 class=\"wp-block-heading\" style=\"text-decoration:underline\">What are your rights regarding your data?<\/h2>\n\n\n\n<p class=\"has-black-color has-text-color has-link-color wp-elements-128355e4b9bf194c6101d1a6fd7196e1\" style=\"font-style:normal;font-weight:300\">You can request to receive an exported file containing the personal data we hold about you, including any data you have provided to us. You can also request that we erase any personal data we hold about you. This does not include any data we may retain for administrative, legal, or security purposes.<\/p>\n\n\n\n<h2 class=\"wp-block-heading\" style=\"text-decoration:underline\">O\u00f9 vos donn\u00e9es sont envoy\u00e9es ?<\/h2>\n\n\n\n<p class=\"has-black-color has-text-color has-link-color wp-elements-e1ca72226ec1471cc6ce1e82c372c01f\" style=\"font-style:normal;font-weight:300\">Visitor comments may be checked by an automated spam detection service.<\/p>\n\n\n\n<p><a href=\"https:\/\/fr.wikipedia.org\/wiki\/Politique_de_confidentialit%C3%A9\">https:\/\/fr.wikipedia.org\/wiki\/Politique_de_confidentialit%C3%A9<\/a><\/p>\n\n\n\n<p><\/p>","protected":false},"excerpt":{"rendered":"<p>Qui sommes-nous ? L&rsquo;adresse de notre site web est : http:\/\/nid-insolite.com. Commentaires : Lorsque les visiteurs laissent des commentaires sur le site, nous recueillons les donn\u00e9es indiqu\u00e9es dans le formulaire [&hellip;]<\/p>","protected":false},"author":1,"featured_media":0,"parent":0,"menu_order":0,"comment_status":"closed","ping_status":"open","template":"","meta":{"footnotes":""},"class_list":["post-3","page","type-page","status-publish","hentry","entry"],"yoast_head":"<!-- This site is optimized with the Yoast SEO plugin v26.7 - https:\/\/yoast.com\/wordpress\/plugins\/seo\/ -->\n<title>Politique de confidentialit\u00e9 - nid-insolite.com<\/title>\n<meta name=\"description\" content=\"La politique de confidentialit\u00e9 explique comment les donn\u00e9e personnelles sont r\u00e9colt\u00e9s et comment ils sont conserv\u00e9s\" \/>\n<meta name=\"robots\" content=\"index, follow, max-snippet:-1, max-image-preview:large, max-video-preview:-1\" \/>\n<link rel=\"canonical\" href=\"https:\/\/nid-insolite.com\/en\/politique-de-confidentialite\/\" \/>\n<meta property=\"og:locale\" content=\"en_GB\" \/>\n<meta property=\"og:type\" content=\"article\" \/>\n<meta property=\"og:title\" content=\"Politique de confidentialit\u00e9 - nid-insolite.com\" \/>\n<meta property=\"og:description\" content=\"La politique de confidentialit\u00e9 explique comment les donn\u00e9e personnelles sont r\u00e9colt\u00e9s et comment ils sont conserv\u00e9s\" \/>\n<meta property=\"og:url\" content=\"https:\/\/nid-insolite.com\/en\/politique-de-confidentialite\/\" \/>\n<meta property=\"og:site_name\" content=\"nid-insolite.com\" \/>\n<meta property=\"article:modified_time\" content=\"2025-12-10T13:55:55+00:00\" \/>\n<meta name=\"twitter:card\" content=\"summary_large_image\" \/>\n<meta name=\"twitter:label1\" content=\"Estimated reading time\" \/>\n\t<meta name=\"twitter:data1\" content=\"4 minutes\" \/>\n<script type=\"application\/ld+json\" class=\"yoast-schema-graph\">{\"@context\":\"https:\/\/schema.org\",\"@graph\":[{\"@type\":\"WebPage\",\"@id\":\"https:\/\/nid-insolite.com\/politique-de-confidentialite\/\",\"url\":\"https:\/\/nid-insolite.com\/politique-de-confidentialite\/\",\"name\":\"Politique de confidentialit\u00e9 - nid-insolite.com\",\"isPartOf\":{\"@id\":\"https:\/\/nid-insolite.com\/#website\"},\"datePublished\":\"2025-10-15T13:15:34+00:00\",\"dateModified\":\"2025-12-10T13:55:55+00:00\",\"description\":\"La politique de confidentialit\u00e9 explique comment les donn\u00e9e personnelles sont r\u00e9colt\u00e9s et comment ils sont conserv\u00e9s\",\"breadcrumb\":{\"@id\":\"https:\/\/nid-insolite.com\/politique-de-confidentialite\/#breadcrumb\"},\"inLanguage\":\"en-GB\",\"potentialAction\":[{\"@type\":\"ReadAction\",\"target\":[\"https:\/\/nid-insolite.com\/politique-de-confidentialite\/\"]}]},{\"@type\":\"BreadcrumbList\",\"@id\":\"https:\/\/nid-insolite.com\/politique-de-confidentialite\/#breadcrumb\",\"itemListElement\":[{\"@type\":\"ListItem\",\"position\":1,\"name\":\"Accueil\",\"item\":\"https:\/\/nid-insolite.com\/\"},{\"@type\":\"ListItem\",\"position\":2,\"name\":\"Politique de confidentialit\u00e9\"}]},{\"@type\":\"WebSite\",\"@id\":\"https:\/\/nid-insolite.com\/#website\",\"url\":\"https:\/\/nid-insolite.com\/\",\"name\":\"nid-insolite.com\",\"description\":\"\u00c9vadez-vous, l\u2019insolite vous attend\",\"publisher\":{\"@id\":\"https:\/\/nid-insolite.com\/#organization\"},\"potentialAction\":[{\"@type\":\"SearchAction\",\"target\":{\"@type\":\"EntryPoint\",\"urlTemplate\":\"https:\/\/nid-insolite.com\/?s={search_term_string}\"},\"query-input\":{\"@type\":\"PropertyValueSpecification\",\"valueRequired\":true,\"valueName\":\"search_term_string\"}}],\"inLanguage\":\"en-GB\"},{\"@type\":\"Organization\",\"@id\":\"https:\/\/nid-insolite.com\/#organization\",\"name\":\"nid-insolite.com\",\"url\":\"https:\/\/nid-insolite.com\/\",\"logo\":{\"@type\":\"ImageObject\",\"inLanguage\":\"en-GB\",\"@id\":\"https:\/\/nid-insolite.com\/#\/schema\/logo\/image\/\",\"url\":\"https:\/\/nid-insolite.com\/wp-content\/uploads\/2025\/11\/cropped-Nid-Insolite-3.png\",\"contentUrl\":\"https:\/\/nid-insolite.com\/wp-content\/uploads\/2025\/11\/cropped-Nid-Insolite-3.png\",\"width\":302,\"height\":272,\"caption\":\"nid-insolite.com\"},\"image\":{\"@id\":\"https:\/\/nid-insolite.com\/#\/schema\/logo\/image\/\"}}]}<\/script>\n<!-- \/ Yoast SEO plugin. -->","yoast_head_json":{"title":"Politique de confidentialit\u00e9 - nid-insolite.com","description":"La politique de confidentialit\u00e9 explique comment les donn\u00e9e personnelles sont r\u00e9colt\u00e9s et comment ils sont conserv\u00e9s","robots":{"index":"index","follow":"follow","max-snippet":"max-snippet:-1","max-image-preview":"max-image-preview:large","max-video-preview":"max-video-preview:-1"},"canonical":"https:\/\/nid-insolite.com\/en\/politique-de-confidentialite\/","og_locale":"en_GB","og_type":"article","og_title":"Politique de confidentialit\u00e9 - nid-insolite.com","og_description":"La politique de confidentialit\u00e9 explique comment les donn\u00e9e personnelles sont r\u00e9colt\u00e9s et comment ils sont conserv\u00e9s","og_url":"https:\/\/nid-insolite.com\/en\/politique-de-confidentialite\/","og_site_name":"nid-insolite.com","article_modified_time":"2025-12-10T13:55:55+00:00","twitter_card":"summary_large_image","twitter_misc":{"Estimated reading time":"4 minutes"},"schema":{"@context":"https:\/\/schema.org","@graph":[{"@type":"WebPage","@id":"https:\/\/nid-insolite.com\/politique-de-confidentialite\/","url":"https:\/\/nid-insolite.com\/politique-de-confidentialite\/","name":"Politique de confidentialit\u00e9 - nid-insolite.com","isPartOf":{"@id":"https:\/\/nid-insolite.com\/#website"},"datePublished":"2025-10-15T13:15:34+00:00","dateModified":"2025-12-10T13:55:55+00:00","description":"La politique de confidentialit\u00e9 explique comment les donn\u00e9e personnelles sont r\u00e9colt\u00e9s et comment ils sont conserv\u00e9s","breadcrumb":{"@id":"https:\/\/nid-insolite.com\/politique-de-confidentialite\/#breadcrumb"},"inLanguage":"en-GB","potentialAction":[{"@type":"ReadAction","target":["https:\/\/nid-insolite.com\/politique-de-confidentialite\/"]}]},{"@type":"BreadcrumbList","@id":"https:\/\/nid-insolite.com\/politique-de-confidentialite\/#breadcrumb","itemListElement":[{"@type":"ListItem","position":1,"name":"Accueil","item":"https:\/\/nid-insolite.com\/"},{"@type":"ListItem","position":2,"name":"Politique de confidentialit\u00e9"}]},{"@type":"WebSite","@id":"https:\/\/nid-insolite.com\/#website","url":"https:\/\/nid-insolite.com\/","name":"nid-insolite.com","description":"\u00c9vadez-vous, l\u2019insolite vous attend","publisher":{"@id":"https:\/\/nid-insolite.com\/#organization"},"potentialAction":[{"@type":"SearchAction","target":{"@type":"EntryPoint","urlTemplate":"https:\/\/nid-insolite.com\/?s={search_term_string}"},"query-input":{"@type":"PropertyValueSpecification","valueRequired":true,"valueName":"search_term_string"}}],"inLanguage":"en-GB"},{"@type":"Organization","@id":"https:\/\/nid-insolite.com\/#organization","name":"nid-insolite.com","url":"https:\/\/nid-insolite.com\/","logo":{"@type":"ImageObject","inLanguage":"en-GB","@id":"https:\/\/nid-insolite.com\/#\/schema\/logo\/image\/","url":"https:\/\/nid-insolite.com\/wp-content\/uploads\/2025\/11\/cropped-Nid-Insolite-3.png","contentUrl":"https:\/\/nid-insolite.com\/wp-content\/uploads\/2025\/11\/cropped-Nid-Insolite-3.png","width":302,"height":272,"caption":"nid-insolite.com"},"image":{"@id":"https:\/\/nid-insolite.com\/#\/schema\/logo\/image\/"}}]}},"_hostinger_reach_plugin_has_subscription_block":false,"_hostinger_reach_plugin_is_elementor":false,"_links":{"self":[{"href":"https:\/\/nid-insolite.com\/en\/wp-json\/wp\/v2\/pages\/3","targetHints":{"allow":["GET"]}}],"collection":[{"href":"https:\/\/nid-insolite.com\/en\/wp-json\/wp\/v2\/pages"}],"about":[{"href":"https:\/\/nid-insolite.com\/en\/wp-json\/wp\/v2\/types\/page"}],"author":[{"embeddable":true,"href":"https:\/\/nid-insolite.com\/en\/wp-json\/wp\/v2\/users\/1"}],"replies":[{"embeddable":true,"href":"https:\/\/nid-insolite.com\/en\/wp-json\/wp\/v2\/comments?post=3"}],"version-history":[{"count":8,"href":"https:\/\/nid-insolite.com\/en\/wp-json\/wp\/v2\/pages\/3\/revisions"}],"predecessor-version":[{"id":653,"href":"https:\/\/nid-insolite.com\/en\/wp-json\/wp\/v2\/pages\/3\/revisions\/653"}],"wp:attachment":[{"href":"https:\/\/nid-insolite.com\/en\/wp-json\/wp\/v2\/media?parent=3"}],"curies":[{"name":"wp","href":"https:\/\/api.w.org\/{rel}","templated":true}]}}