{"id":36,"date":"2025-11-12T14:47:53","date_gmt":"2025-11-12T14:47:53","guid":{"rendered":"https:\/\/nid-insolite.com\/?page_id=36"},"modified":"2025-12-10T16:23:27","modified_gmt":"2025-12-10T15:23:27","slug":"experiences-datelier","status":"publish","type":"page","link":"https:\/\/nid-insolite.com\/en\/experiences-datelier\/","title":{"rendered":"Experiences"},"content":{"rendered":"<div class=\"wp-block-columns is-layout-flex wp-container-core-columns-is-layout-9d6595d7 wp-block-columns-is-layout-flex\">\n<div class=\"wp-block-column has-black-color has-text-color has-link-color wp-elements-c807c4b5dd5d359c24df8286d729983f is-layout-flow wp-block-column-is-layout-flow\">\n<figure class=\"wp-block-image size-full\"><img loading=\"lazy\" decoding=\"async\" width=\"1500\" height=\"1200\" src=\"https:\/\/nid-insolite.com\/wp-content\/uploads\/2025\/12\/photo-3-site-3.jpg\" alt=\"\" class=\"wp-image-655\" srcset=\"https:\/\/nid-insolite.com\/wp-content\/uploads\/2025\/12\/photo-3-site-3.jpg 1500w, https:\/\/nid-insolite.com\/wp-content\/uploads\/2025\/12\/photo-3-site-3-300x240.jpg 300w, https:\/\/nid-insolite.com\/wp-content\/uploads\/2025\/12\/photo-3-site-3-1024x819.jpg 1024w, https:\/\/nid-insolite.com\/wp-content\/uploads\/2025\/12\/photo-3-site-3-768x614.jpg 768w, https:\/\/nid-insolite.com\/wp-content\/uploads\/2025\/12\/photo-3-site-3-15x12.jpg 15w\" sizes=\"auto, (max-width: 1500px) 100vw, 1500px\" \/><\/figure>\n\n\n\n<h2 class=\"wp-block-heading\" style=\"text-decoration:underline\"><strong><mark style=\"background-color:rgba(0, 0, 0, 0)\" class=\"has-inline-color has-black-color\">Proven\u00e7al cooking workshop <\/mark><\/strong>:<\/h2>\n\n\n\n<p class=\"has-black-color has-text-color has-link-color wp-elements-bf0ace9de5549894a5ccbd4fa2ff9ba5\" style=\"font-size:19px;font-style:normal;font-weight:300\">Discover the authentic flavors of the South by learning how to prepare some of the region's most popular specialties. On the menu: fragrant olive tapenade, soft fougasse bread with sunny aromas, and crispy socca inspired by the traditions of Nice. This workshop allows you to immerse yourself in the heart of Proven\u00e7al culinary heritage. A convivial experience to share with family or friends, ideal for creating wonderful memories around the kitchen table.<\/p>\n\n\n\n<figure class=\"wp-block-image size-large\"><a href=\"https:\/\/liltpalermo.it\/passeggiate-nella-natura-per-combattere-lo-stress\/\"><img loading=\"lazy\" decoding=\"async\" width=\"1024\" height=\"819\" src=\"https:\/\/nid-insolite.com\/wp-content\/uploads\/2025\/12\/photo-site-4-4-1-1024x819.jpg\" alt=\"\" class=\"wp-image-658\" srcset=\"https:\/\/nid-insolite.com\/wp-content\/uploads\/2025\/12\/photo-site-4-4-1-1024x819.jpg 1024w, https:\/\/nid-insolite.com\/wp-content\/uploads\/2025\/12\/photo-site-4-4-1-300x240.jpg 300w, https:\/\/nid-insolite.com\/wp-content\/uploads\/2025\/12\/photo-site-4-4-1-768x614.jpg 768w, https:\/\/nid-insolite.com\/wp-content\/uploads\/2025\/12\/photo-site-4-4-1-15x12.jpg 15w, https:\/\/nid-insolite.com\/wp-content\/uploads\/2025\/12\/photo-site-4-4-1.jpg 1200w\" sizes=\"auto, (max-width: 1024px) 100vw, 1024px\" \/><\/a><\/figure>\n\n\n\n<h2 class=\"wp-block-heading\" style=\"text-decoration:underline\"><strong><mark style=\"background-color:rgba(0, 0, 0, 0)\" class=\"has-inline-color has-black-color\">Guided hike with panoramic views <\/mark><\/strong>:<\/h2>\n\n\n\n<p style=\"font-size:19px;font-style:normal;font-weight:300\">Discover the most beautiful landscapes of the Provence-Alpes-C\u00f4te d'Azur region in the company of a passionate guide. Let yourself be led through trails, forests, and unspoiled viewpoints to explore places rich in color and contrast. This nature walk offers you the opportunity to admire discreet wildlife, varied flora, and absolutely unforgettable panoramas. A soothing and immersive experience, ideal for recharging your batteries in the heart of nature.<\/p>\n<\/div>\n\n\n\n<div class=\"wp-block-column is-layout-flow wp-block-column-is-layout-flow\">\n<figure class=\"wp-block-image size-full\"><img loading=\"lazy\" decoding=\"async\" width=\"1332\" height=\"1066\" src=\"https:\/\/nid-insolite.com\/wp-content\/uploads\/2025\/12\/image-1-site-1.jpg\" alt=\"\" class=\"wp-image-656\" srcset=\"https:\/\/nid-insolite.com\/wp-content\/uploads\/2025\/12\/image-1-site-1.jpg 1332w, https:\/\/nid-insolite.com\/wp-content\/uploads\/2025\/12\/image-1-site-1-300x240.jpg 300w, https:\/\/nid-insolite.com\/wp-content\/uploads\/2025\/12\/image-1-site-1-1024x820.jpg 1024w, https:\/\/nid-insolite.com\/wp-content\/uploads\/2025\/12\/image-1-site-1-768x615.jpg 768w, https:\/\/nid-insolite.com\/wp-content\/uploads\/2025\/12\/image-1-site-1-15x12.jpg 15w\" sizes=\"auto, (max-width: 1332px) 100vw, 1332px\" \/><\/figure>\n\n\n\n<h2 class=\"wp-block-heading\" style=\"text-decoration:underline\"><strong><mark style=\"background-color:rgba(0, 0, 0, 0)\" class=\"has-inline-color has-black-color\">Wine tasting or local products<\/mark><\/strong> :<\/h2>\n\n\n\n<p class=\"has-black-color has-text-color has-link-color wp-elements-a9e2f5be57533ec20a6c94ea6fce2b1b\" style=\"font-size:19px;font-style:normal;font-weight:300\">Savour the authentic riches of the Provence-Alpes-C\u00f4te d'Azur region through a carefully selected range of wines and local produce. Discover subtle aromas, generous flavours and regional specialities that reflect the gastronomic diversity of the South. This tasting invites you on a sensory journey through local traditions and artisanal expertise. An ideal gourmet experience to share as a couple, with family or friends.<\/p>\n\n\n\n<figure class=\"wp-block-image size-large\"><a href=\"https:\/\/www.sportoutdoor24.it\/sport\/sport-acquatici\/6-motivi-per-cominciare-ad-andare-in-canoa\/\"><img loading=\"lazy\" decoding=\"async\" width=\"1024\" height=\"819\" src=\"https:\/\/nid-insolite.com\/wp-content\/uploads\/2025\/12\/Image-2-site-2-1024x819.jpg\" alt=\"\" class=\"wp-image-659\" srcset=\"https:\/\/nid-insolite.com\/wp-content\/uploads\/2025\/12\/Image-2-site-2-1024x819.jpg 1024w, https:\/\/nid-insolite.com\/wp-content\/uploads\/2025\/12\/Image-2-site-2-300x240.jpg 300w, https:\/\/nid-insolite.com\/wp-content\/uploads\/2025\/12\/Image-2-site-2-768x615.jpg 768w, https:\/\/nid-insolite.com\/wp-content\/uploads\/2025\/12\/Image-2-site-2-15x12.jpg 15w, https:\/\/nid-insolite.com\/wp-content\/uploads\/2025\/12\/Image-2-site-2.jpg 1066w\" sizes=\"auto, (max-width: 1024px) 100vw, 1024px\" \/><\/a><\/figure>\n\n\n\n<h2 class=\"wp-block-heading\" style=\"text-decoration:underline\"><strong><mark style=\"background-color:rgba(0, 0, 0, 0)\" class=\"has-inline-color has-black-color\">Canoe or paddleboard trip<\/mark><\/strong> :<\/h2>\n\n\n\n<p class=\"has-black-color has-text-color has-link-color wp-elements-095da00e2aafaea17c3178fa17743376\" style=\"font-size:19px;font-style:normal;font-weight:300\">Explore the rivers, lakes, and coastline of the Provence-Alpes-C\u00f4te d'Azur region by canoe or paddleboard. Enjoy a special moment admiring unspoiled natural landscapes and feeling a sense of freedom as you glide along the water. <br><strong>What's more, this activity can be gentle or, on the contrary, more athletic depending on your preferences, making it accessible to everyone, young and old alike.<\/strong> Come and observe the local wildlife, discreet flora, and a truly unusual and peaceful setting. An experience that allows you to experience nature from a different perspective.<\/p>\n<\/div>\n<\/div>","protected":false},"excerpt":{"rendered":"<p>Atelier de cuisine proven\u00e7ale : D\u00e9couvrez les saveurs authentiques du Sud en apprenant \u00e0 pr\u00e9parer quelques-unes des sp\u00e9cialit\u00e9s les plus appr\u00e9ci\u00e9es de la r\u00e9gion. Au programme : tapenade parfum\u00e9e aux [&hellip;]<\/p>","protected":false},"author":1,"featured_media":0,"parent":0,"menu_order":0,"comment_status":"closed","ping_status":"closed","template":"","meta":{"footnotes":""},"class_list":["post-36","page","type-page","status-publish","hentry","entry"],"yoast_head":"<!-- This site is optimized with the Yoast SEO plugin v26.7 - https:\/\/yoast.com\/wordpress\/plugins\/seo\/ -->\n<title>Exp\u00e9riences - nid-insolite.com<\/title>\n<meta name=\"description\" content=\"Venez vivre des exp\u00e9riences d&#039;atelier gastronomiques , d&#039;activit\u00e9s en plein air et de d\u00e9couverte de paysages \u00e0 couper le souffle.\" \/>\n<meta name=\"robots\" content=\"index, follow, max-snippet:-1, max-image-preview:large, max-video-preview:-1\" \/>\n<link rel=\"canonical\" href=\"https:\/\/nid-insolite.com\/en\/experiences-datelier\/\" \/>\n<meta property=\"og:locale\" content=\"en_GB\" \/>\n<meta property=\"og:type\" content=\"article\" \/>\n<meta property=\"og:title\" content=\"Exp\u00e9riences - nid-insolite.com\" \/>\n<meta property=\"og:description\" content=\"Venez vivre des exp\u00e9riences d&#039;atelier gastronomiques , d&#039;activit\u00e9s en plein air et de d\u00e9couverte de paysages \u00e0 couper le souffle.\" \/>\n<meta property=\"og:url\" content=\"https:\/\/nid-insolite.com\/en\/experiences-datelier\/\" \/>\n<meta property=\"og:site_name\" content=\"nid-insolite.com\" \/>\n<meta property=\"article:modified_time\" content=\"2025-12-10T15:23:27+00:00\" \/>\n<meta property=\"og:image\" content=\"https:\/\/nid-insolite.com\/wp-content\/uploads\/2025\/12\/photo-3-site-3.jpg\" \/>\n\t<meta property=\"og:image:width\" content=\"1500\" \/>\n\t<meta property=\"og:image:height\" content=\"1200\" \/>\n\t<meta property=\"og:image:type\" content=\"image\/jpeg\" \/>\n<meta name=\"twitter:card\" content=\"summary_large_image\" \/>\n<meta name=\"twitter:label1\" content=\"Estimated reading time\" \/>\n\t<meta name=\"twitter:data1\" content=\"3 minutes\" \/>\n<script type=\"application\/ld+json\" class=\"yoast-schema-graph\">{\"@context\":\"https:\/\/schema.org\",\"@graph\":[{\"@type\":\"WebPage\",\"@id\":\"https:\/\/nid-insolite.com\/experiences-datelier\/\",\"url\":\"https:\/\/nid-insolite.com\/experiences-datelier\/\",\"name\":\"Exp\u00e9riences - nid-insolite.com\",\"isPartOf\":{\"@id\":\"https:\/\/nid-insolite.com\/#website\"},\"primaryImageOfPage\":{\"@id\":\"https:\/\/nid-insolite.com\/experiences-datelier\/#primaryimage\"},\"image\":{\"@id\":\"https:\/\/nid-insolite.com\/experiences-datelier\/#primaryimage\"},\"thumbnailUrl\":\"https:\/\/nid-insolite.com\/wp-content\/uploads\/2025\/12\/photo-3-site-3.jpg\",\"datePublished\":\"2025-11-12T14:47:53+00:00\",\"dateModified\":\"2025-12-10T15:23:27+00:00\",\"description\":\"Venez vivre des exp\u00e9riences d'atelier gastronomiques , d'activit\u00e9s en plein air et de d\u00e9couverte de paysages \u00e0 couper le souffle.\",\"breadcrumb\":{\"@id\":\"https:\/\/nid-insolite.com\/experiences-datelier\/#breadcrumb\"},\"inLanguage\":\"en-GB\",\"potentialAction\":[{\"@type\":\"ReadAction\",\"target\":[\"https:\/\/nid-insolite.com\/experiences-datelier\/\"]}]},{\"@type\":\"ImageObject\",\"inLanguage\":\"en-GB\",\"@id\":\"https:\/\/nid-insolite.com\/experiences-datelier\/#primaryimage\",\"url\":\"https:\/\/nid-insolite.com\/wp-content\/uploads\/2025\/12\/photo-3-site-3.jpg\",\"contentUrl\":\"https:\/\/nid-insolite.com\/wp-content\/uploads\/2025\/12\/photo-3-site-3.jpg\"},{\"@type\":\"BreadcrumbList\",\"@id\":\"https:\/\/nid-insolite.com\/experiences-datelier\/#breadcrumb\",\"itemListElement\":[{\"@type\":\"ListItem\",\"position\":1,\"name\":\"Accueil\",\"item\":\"https:\/\/nid-insolite.com\/\"},{\"@type\":\"ListItem\",\"position\":2,\"name\":\"Exp\u00e9riences\"}]},{\"@type\":\"WebSite\",\"@id\":\"https:\/\/nid-insolite.com\/#website\",\"url\":\"https:\/\/nid-insolite.com\/\",\"name\":\"nid-insolite.com\",\"description\":\"\u00c9vadez-vous, l\u2019insolite vous attend\",\"publisher\":{\"@id\":\"https:\/\/nid-insolite.com\/#organization\"},\"potentialAction\":[{\"@type\":\"SearchAction\",\"target\":{\"@type\":\"EntryPoint\",\"urlTemplate\":\"https:\/\/nid-insolite.com\/?s={search_term_string}\"},\"query-input\":{\"@type\":\"PropertyValueSpecification\",\"valueRequired\":true,\"valueName\":\"search_term_string\"}}],\"inLanguage\":\"en-GB\"},{\"@type\":\"Organization\",\"@id\":\"https:\/\/nid-insolite.com\/#organization\",\"name\":\"nid-insolite.com\",\"url\":\"https:\/\/nid-insolite.com\/\",\"logo\":{\"@type\":\"ImageObject\",\"inLanguage\":\"en-GB\",\"@id\":\"https:\/\/nid-insolite.com\/#\/schema\/logo\/image\/\",\"url\":\"https:\/\/nid-insolite.com\/wp-content\/uploads\/2025\/11\/cropped-Nid-Insolite-3.png\",\"contentUrl\":\"https:\/\/nid-insolite.com\/wp-content\/uploads\/2025\/11\/cropped-Nid-Insolite-3.png\",\"width\":302,\"height\":272,\"caption\":\"nid-insolite.com\"},\"image\":{\"@id\":\"https:\/\/nid-insolite.com\/#\/schema\/logo\/image\/\"}}]}<\/script>\n<!-- \/ Yoast SEO plugin. -->","yoast_head_json":{"title":"Exp\u00e9riences - nid-insolite.com","description":"Venez vivre des exp\u00e9riences d'atelier gastronomiques , d'activit\u00e9s en plein air et de d\u00e9couverte de paysages \u00e0 couper le souffle.","robots":{"index":"index","follow":"follow","max-snippet":"max-snippet:-1","max-image-preview":"max-image-preview:large","max-video-preview":"max-video-preview:-1"},"canonical":"https:\/\/nid-insolite.com\/en\/experiences-datelier\/","og_locale":"en_GB","og_type":"article","og_title":"Exp\u00e9riences - nid-insolite.com","og_description":"Venez vivre des exp\u00e9riences d'atelier gastronomiques , d'activit\u00e9s en plein air et de d\u00e9couverte de paysages \u00e0 couper le souffle.","og_url":"https:\/\/nid-insolite.com\/en\/experiences-datelier\/","og_site_name":"nid-insolite.com","article_modified_time":"2025-12-10T15:23:27+00:00","og_image":[{"width":1500,"height":1200,"url":"https:\/\/nid-insolite.com\/wp-content\/uploads\/2025\/12\/photo-3-site-3.jpg","type":"image\/jpeg"}],"twitter_card":"summary_large_image","twitter_misc":{"Estimated reading time":"3 minutes"},"schema":{"@context":"https:\/\/schema.org","@graph":[{"@type":"WebPage","@id":"https:\/\/nid-insolite.com\/experiences-datelier\/","url":"https:\/\/nid-insolite.com\/experiences-datelier\/","name":"Exp\u00e9riences - nid-insolite.com","isPartOf":{"@id":"https:\/\/nid-insolite.com\/#website"},"primaryImageOfPage":{"@id":"https:\/\/nid-insolite.com\/experiences-datelier\/#primaryimage"},"image":{"@id":"https:\/\/nid-insolite.com\/experiences-datelier\/#primaryimage"},"thumbnailUrl":"https:\/\/nid-insolite.com\/wp-content\/uploads\/2025\/12\/photo-3-site-3.jpg","datePublished":"2025-11-12T14:47:53+00:00","dateModified":"2025-12-10T15:23:27+00:00","description":"Venez vivre des exp\u00e9riences d'atelier gastronomiques , d'activit\u00e9s en plein air et de d\u00e9couverte de paysages \u00e0 couper le souffle.","breadcrumb":{"@id":"https:\/\/nid-insolite.com\/experiences-datelier\/#breadcrumb"},"inLanguage":"en-GB","potentialAction":[{"@type":"ReadAction","target":["https:\/\/nid-insolite.com\/experiences-datelier\/"]}]},{"@type":"ImageObject","inLanguage":"en-GB","@id":"https:\/\/nid-insolite.com\/experiences-datelier\/#primaryimage","url":"https:\/\/nid-insolite.com\/wp-content\/uploads\/2025\/12\/photo-3-site-3.jpg","contentUrl":"https:\/\/nid-insolite.com\/wp-content\/uploads\/2025\/12\/photo-3-site-3.jpg"},{"@type":"BreadcrumbList","@id":"https:\/\/nid-insolite.com\/experiences-datelier\/#breadcrumb","itemListElement":[{"@type":"ListItem","position":1,"name":"Accueil","item":"https:\/\/nid-insolite.com\/"},{"@type":"ListItem","position":2,"name":"Exp\u00e9riences"}]},{"@type":"WebSite","@id":"https:\/\/nid-insolite.com\/#website","url":"https:\/\/nid-insolite.com\/","name":"nid-insolite.com","description":"\u00c9vadez-vous, l\u2019insolite vous attend","publisher":{"@id":"https:\/\/nid-insolite.com\/#organization"},"potentialAction":[{"@type":"SearchAction","target":{"@type":"EntryPoint","urlTemplate":"https:\/\/nid-insolite.com\/?s={search_term_string}"},"query-input":{"@type":"PropertyValueSpecification","valueRequired":true,"valueName":"search_term_string"}}],"inLanguage":"en-GB"},{"@type":"Organization","@id":"https:\/\/nid-insolite.com\/#organization","name":"nid-insolite.com","url":"https:\/\/nid-insolite.com\/","logo":{"@type":"ImageObject","inLanguage":"en-GB","@id":"https:\/\/nid-insolite.com\/#\/schema\/logo\/image\/","url":"https:\/\/nid-insolite.com\/wp-content\/uploads\/2025\/11\/cropped-Nid-Insolite-3.png","contentUrl":"https:\/\/nid-insolite.com\/wp-content\/uploads\/2025\/11\/cropped-Nid-Insolite-3.png","width":302,"height":272,"caption":"nid-insolite.com"},"image":{"@id":"https:\/\/nid-insolite.com\/#\/schema\/logo\/image\/"}}]}},"_hostinger_reach_plugin_has_subscription_block":false,"_hostinger_reach_plugin_is_elementor":false,"_links":{"self":[{"href":"https:\/\/nid-insolite.com\/en\/wp-json\/wp\/v2\/pages\/36","targetHints":{"allow":["GET"]}}],"collection":[{"href":"https:\/\/nid-insolite.com\/en\/wp-json\/wp\/v2\/pages"}],"about":[{"href":"https:\/\/nid-insolite.com\/en\/wp-json\/wp\/v2\/types\/page"}],"author":[{"embeddable":true,"href":"https:\/\/nid-insolite.com\/en\/wp-json\/wp\/v2\/users\/1"}],"replies":[{"embeddable":true,"href":"https:\/\/nid-insolite.com\/en\/wp-json\/wp\/v2\/comments?post=36"}],"version-history":[{"count":37,"href":"https:\/\/nid-insolite.com\/en\/wp-json\/wp\/v2\/pages\/36\/revisions"}],"predecessor-version":[{"id":698,"href":"https:\/\/nid-insolite.com\/en\/wp-json\/wp\/v2\/pages\/36\/revisions\/698"}],"wp:attachment":[{"href":"https:\/\/nid-insolite.com\/en\/wp-json\/wp\/v2\/media?parent=36"}],"curies":[{"name":"wp","href":"https:\/\/api.w.org\/{rel}","templated":true}]}}